{"id":8964,"date":"2022-01-18T13:04:11","date_gmt":"2022-01-18T13:04:11","guid":{"rendered":"https:\/\/resort-knez.si\/splosni-pogoji-uporabe-spletne-strani\/"},"modified":"2022-01-18T13:04:11","modified_gmt":"2022-01-18T13:04:11","slug":"splosni-pogoji-uporabe-spletne-strani","status":"publish","type":"page","link":"https:\/\/resort-knez.si\/de\/splosni-pogoji-uporabe-spletne-strani\/","title":{"rendered":"Splo\u0161ni pogoji uporabe spletne strani"},"content":{"rendered":"\n<p><strong>Obve\u0161\u010danje in komunikacija s strankami\/naro\u010dniki<\/strong><\/p>\n\n\n\n<p>Podjetje bo s stranko\/naro\u010dnikom navezalo stik preko dolo\u010denega medija komunikacije, v kolikor bo slednja\/slednji v to privolil. Stranka\/naro\u010dnik z izpolnitvijo obrazca privoli na prejemanje oglasnih elektronskih sporo\u010dil, poda se dovoljenje za obdelovanje naslednjih podatkov:<\/p>\n\n\n\n<p>&#8211; ime in priimek<\/p>\n\n\n\n<p>&#8211; e-po\u0161tni naslov<\/p>\n\n\n\n<p>&#8211; telefonska \u0161tevilka<\/p>\n\n\n\n<p>&#8211; po\u0161tni naslov<\/p>\n\n\n\n<p>&#8211; ime podjetja,<\/p>\n\n\n\n<p>&#8211; naslov va\u0161e spletne strani,<\/p>\n\n\n\n<p>&#8211; IP naslov<\/p>\n\n\n\n<p><strong>Oglasna elektronska sporo\u010dila bodo vsebovala naslednje sestavine:<\/strong><\/p>\n\n\n\n<p>-Jasno in nedvoumno bodo ozna\u010dena kot oglasna sporo\u010dila,<\/p>\n\n\n\n<p>-Po\u0161iljatelj bo jasno razviden,<\/p>\n\n\n\n<p>-Razli\u010dne akcije, promocije in druge tr\u017ene tehnike bodo ozna\u010dene kot tak\u0161ne.<\/p>\n\n\n\n<p>-Vidno predstavljen bo na\u010din odjave od prejemanja oglasnih sporo\u010dil,<\/p>\n\n\n\n<p>-\u017deljo uporabnika, da ne \u017eeli prejemati oglasnih sporo\u010dil, bo ponudnik izrecno spo\u0161toval.<\/p>\n\n\n\n<p><strong>Uporabnik lahko ob prijavi na prejemanje oglasnih elektronskih sporo\u010dil odobri uporabo njegovih osebnih podatkov v naslednje namene:<\/strong><\/p>\n\n\n\n<p><strong>[1] (OPCIJSKO) Privolitev za sledenje aktivnostim in interesom na spletni strani https:\/\/resort-knez.si in pripadajo\u010dih pod-domenah:<\/strong><\/p>\n\n\n\n<ul><li>Iznos, hramba in obdelava podatkov v orodju za marketin\u0161ko avtomatizacijo, ki nam pomaga kontinuirano spremljati va\u0161e aktivnosti na vseh pod domenah spletne strani <strong>https:\/\/resort-knez.si<\/strong>, nam omogo\u010dajo izvajanje naro\u010denih storitev, kontaktiranje, povezano z va\u0161imi aktivnostmi na spletni strani ter agregirane in anonimizirane analize uporabe spletne strani in njenih vsebin.<\/li><li>Vsi osebni podatki se uporabljajo izklju\u010dno za namene izvajanja na\u0161ih storitev, anonimizirane analize ter optimizacijo na\u0161ega poslovanja in niso dostopni javnosti, razen v primeru, ko nam uporabnik to izrecno dovoljuje s posebno privolitvijo za tak\u0161ne namene<\/li><\/ul>\n\n\n\n<p><strong>[2] (OBVEZNO) Privolitev za prejemanje novic o HROVAT TOMA\u017d s.p. ponudbi in ostalih novostih velja do preklica in obsega:<\/strong><\/p>\n\n\n\n<ul><li>uporabo podatkov za po\u0161iljanje rednih e-novic o na\u0161i ponudbi ter novostih.<\/li><li>uporabo podatkov za ob\u010dasno po\u0161iljanje ostalih vsebin<\/li><li>iznos, hrambo in obdelavo podatkov v orodju za marketin\u0161ko avtomatizacijo, ki nam omogo\u010da po\u0161iljanje teh novi\u010dk<\/li><li>obdelavo podatkov s psevdonimizacijo (tako, da jih ni mogo\u010de pripisati specifi\u010dnemu posamezniku)<\/li><\/ul>\n\n\n\n<p><strong>[3] (OPCIJSKO) Privolitev za prejemanje personaliziranih obvestil in ponudb velja do preklica in obsega:<\/strong><\/p>\n\n\n\n<ul><li>uporabo podatkov za neposredno tr\u017eenje<\/li><li>ponovno ciljanje na platformah z namenom ponovne predstavitve izdelkov \/ ponudbe<\/li><li>iznos in obdelavo podatkov v orodjih za digitalno ogla\u0161evanje (uporaba e-po\u0161te za pripravo anonimiziranih segmentov uporabnikov, v tem primeru e-po\u0161te ni mogo\u010de pripisati specifi\u010dnemu posamezniku)<\/li><li>obdelavo podatkov s psevdonimizacijo (tako, da jih ni mogo\u010de pripisati specifi\u010dnemu posamezniku)<\/li><\/ul>\n","protected":false},"excerpt":{"rendered":"<p>Obve\u0161\u010danje in komunikacija s strankami\/naro\u010dniki Podjetje bo s stranko\/naro\u010dnikom navezalo stik preko dolo\u010denega medija komunikacije, v kolikor bo slednja\/slednji v to privolil. Stranka\/naro\u010dnik z izpolnitvijo obrazca privoli na prejemanje oglasnih elektronskih sporo\u010dil, poda se dovoljenje za obdelovanje naslednjih podatkov: &#8211; ime in priimek &#8211; e-po\u0161tni naslov &#8211; telefonska \u0161tevilka &#8211; po\u0161tni naslov &#8211; ime podjetja, [&hellip;]<\/p>\n","protected":false},"author":1,"featured_media":0,"parent":0,"menu_order":0,"comment_status":"closed","ping_status":"closed","template":"template-homepage.php","meta":{"inline_featured_image":false},"_links":{"self":[{"href":"https:\/\/resort-knez.si\/de\/wp-json\/wp\/v2\/pages\/8964"}],"collection":[{"href":"https:\/\/resort-knez.si\/de\/wp-json\/wp\/v2\/pages"}],"about":[{"href":"https:\/\/resort-knez.si\/de\/wp-json\/wp\/v2\/types\/page"}],"author":[{"embeddable":true,"href":"https:\/\/resort-knez.si\/de\/wp-json\/wp\/v2\/users\/1"}],"replies":[{"embeddable":true,"href":"https:\/\/resort-knez.si\/de\/wp-json\/wp\/v2\/comments?post=8964"}],"version-history":[{"count":0,"href":"https:\/\/resort-knez.si\/de\/wp-json\/wp\/v2\/pages\/8964\/revisions"}],"wp:attachment":[{"href":"https:\/\/resort-knez.si\/de\/wp-json\/wp\/v2\/media?parent=8964"}],"curies":[{"name":"wp","href":"https:\/\/api.w.org\/{rel}","templated":true}]}}