{"id":8958,"date":"2022-01-18T12:55:40","date_gmt":"2022-01-18T12:55:40","guid":{"rendered":"https:\/\/resort-knez.si\/o-piskotkih\/"},"modified":"2023-05-18T12:39:10","modified_gmt":"2023-05-18T12:39:10","slug":"o-piskotkih","status":"publish","type":"page","link":"https:\/\/resort-knez.si\/hr\/o-piskotkih\/","title":{"rendered":"O pi\u0161kotkih"},"content":{"rendered":"\t\t<div data-elementor-type=\"wp-page\" data-elementor-id=\"8958\" class=\"elementor elementor-8958 elementor-7035\">\n\t\t\t\t\t\t\t\t\t<section class=\"elementor-section elementor-top-section elementor-element elementor-element-38d92258 elementor-section-boxed elementor-section-height-default elementor-section-height-default\" data-id=\"38d92258\" data-element_type=\"section\">\n\t\t\t\t\t\t<div class=\"elementor-container elementor-column-gap-default\">\n\t\t\t\t\t<div class=\"elementor-column elementor-col-100 elementor-top-column elementor-element elementor-element-764f1b4c\" data-id=\"764f1b4c\" data-element_type=\"column\">\n\t\t\t<div class=\"elementor-widget-wrap elementor-element-populated\">\n\t\t\t\t\t\t\t\t<div class=\"elementor-element elementor-element-f360325 elementor-widget elementor-widget-text-editor\" data-id=\"f360325\" data-element_type=\"widget\" data-widget_type=\"text-editor.default\">\n\t\t\t\t<div class=\"elementor-widget-container\">\n\t\t\t<style>\/*! elementor - v3.13.3 - 22-05-2023 *\/\n.elementor-widget-text-editor.elementor-drop-cap-view-stacked .elementor-drop-cap{background-color:#69727d;color:#fff}.elementor-widget-text-editor.elementor-drop-cap-view-framed .elementor-drop-cap{color:#69727d;border:3px solid;background-color:transparent}.elementor-widget-text-editor:not(.elementor-drop-cap-view-default) .elementor-drop-cap{margin-top:8px}.elementor-widget-text-editor:not(.elementor-drop-cap-view-default) .elementor-drop-cap-letter{width:1em;height:1em}.elementor-widget-text-editor .elementor-drop-cap{float:left;text-align:center;line-height:1;font-size:50px}.elementor-widget-text-editor .elementor-drop-cap-letter{display:inline-block}<\/style>\t\t\t\t<strong>Spletna stran uporablja naslednje pi\u0161kotke:<\/strong>\n<table class=\"cookies wide-fat\">\n<thead>\n<tr>\n<td>Ime pi\u0161kotka<\/td>\n<td>Kategorija<\/td>\n<td style=\"width: 50%;\">Opis<\/td>\n<td>Trajanje<\/td>\n<\/tr>\n<\/thead>\n<tbody>\n<tr>\n<td>wordpress_<\/td>\n<td>2<\/td>\n<td style=\"width: 50%;\">WordPress pi\u0161kotek za prijavljenega uporabnika.<\/td>\n<td>seja<\/td>\n<\/tr>\n<tr>\n<td>wordpress_logged_in_<\/td>\n<td>2<\/td>\n<td>WordPress pi\u0161kotek za prijavljenega uporabnika.<\/td>\n<td>seja<\/td>\n<\/tr>\n<tr>\n<td>wordpress_test_<\/td>\n<td>2<\/td>\n<td>WordPress pi\u0161kotek za prijavljenega uporabnika.<\/td>\n<td>seja<\/td>\n<\/tr>\n<tr>\n<td>wordpress_test_cookie<\/td>\n<td>2<\/td>\n<td>WordPress testni pi\u0161kotek<\/td>\n<td>seja<\/td>\n<\/tr>\n<tr>\n<td>wp-settings-<\/td>\n<td>1<\/td>\n<td>WordPress nastavi tudi nekaj pi\u0161kotkov wp-settings-[UID]. \u0160tevilka na koncu je va\u0161 individualni ID uporabnika iz tabele baze podatkov uporabnikov. To se uporablja za prilagajanje va\u0161ega pogleda skrbni\u0161kega vmesnika in po mo\u017enosti tudi glavnega vmesnika spletnega mesta.<\/td>\n<td>1 leto<\/td>\n<\/tr>\n<tr>\n<td>wp-settings-time-<\/td>\n<td>2<\/td>\n<td>WordPress nastavi tudi nekaj pi\u0161kotkov wp-settings-{time}-[UID]. \u0160tevilka na koncu je va\u0161 individualni ID uporabnika iz tabele baze podatkov uporabnikov. To se uporablja za prilagajanje va\u0161ega pogleda skrbni\u0161kega vmesnika in po mo\u017enosti tudi glavnega vmesnika spletnega mesta.<\/td>\n<td>1 leto<\/td>\n<\/tr>\n<tr>\n<td>PHPSESSID<\/td>\n<td>1<\/td>\n<td>Za prepoznavanje va\u0161e edinstvene seje na spletnem mestu<\/td>\n<td>seja<\/td>\n<\/tr>\n<tr>\n<td>SESS<\/td>\n<td>1<\/td>\n<td>Za zagotovitev, da vas prepoznajo, ko se premikate s strani na stran znotraj spletnega mesta, in da si zapomnijo vse informacije, ki ste jih vnesli.<\/td>\n<td>seja<\/td>\n<\/tr>\n<tr>\n<td>wordpress_gdpr_cookies_declined<\/td>\n<td>1<\/td>\n<td>V pi\u0161kotku se shranijo vrednosti zavrnjenih storitev.<\/td>\n<td>6 mesecev<\/td>\n<\/tr>\n<tr>\n<td>wordpress_gdpr_allowed_services<\/td>\n<td>1<\/td>\n<td>V pi\u0161kotku se shranijo vrednosti sprejetih storitev.<\/td>\n<td>6 mesecev<\/td>\n<\/tr>\n<tr>\n<td>wp-wpml_current_language<\/td>\n<td>1<\/td>\n<td>V pi\u0161kotku se shrani trenutnoa izbira jezika spletne strani.<\/td>\n<td>seja<\/td>\n<\/tr>\n<tr>\n<td>wordpress_gdpr_cookies_allowed<\/td>\n<td>1<\/td>\n<td>V pi\u0161kotku se shrani vrednost &#8220;true&#8221;, \u010de je obiskovalec dovolil shranjevanje pi\u0161kotkov.<\/td>\n<td>seja<\/td>\n<\/tr>\n<\/tbody>\n<\/table>\t\t\t\t\t\t<\/div>\n\t\t\t\t<\/div>\n\t\t\t\t\t<\/div>\n\t\t<\/div>\n\t\t\t\t\t\t\t<\/div>\n\t\t<\/section>\n\t\t\t\t\t\t\t<\/div>\n\t\t","protected":false},"excerpt":{"rendered":"<p>Spletna stran uporablja naslednje pi\u0161kotke: Ime pi\u0161kotka Kategorija Opis Trajanje wordpress_ 2 WordPress pi\u0161kotek za prijavljenega uporabnika. seja wordpress_logged_in_ 2 WordPress pi\u0161kotek za prijavljenega uporabnika. seja wordpress_test_ 2 WordPress pi\u0161kotek za prijavljenega uporabnika. seja wordpress_test_cookie 2 WordPress testni pi\u0161kotek seja wp-settings- 1 WordPress nastavi tudi nekaj pi\u0161kotkov wp-settings-[UID]. \u0160tevilka na koncu je va\u0161 individualni ID [&hellip;]<\/p>\n","protected":false},"author":1,"featured_media":0,"parent":0,"menu_order":0,"comment_status":"closed","ping_status":"closed","template":"template-homepage.php","meta":{"inline_featured_image":false},"_links":{"self":[{"href":"https:\/\/resort-knez.si\/hr\/wp-json\/wp\/v2\/pages\/8958"}],"collection":[{"href":"https:\/\/resort-knez.si\/hr\/wp-json\/wp\/v2\/pages"}],"about":[{"href":"https:\/\/resort-knez.si\/hr\/wp-json\/wp\/v2\/types\/page"}],"author":[{"embeddable":true,"href":"https:\/\/resort-knez.si\/hr\/wp-json\/wp\/v2\/users\/1"}],"replies":[{"embeddable":true,"href":"https:\/\/resort-knez.si\/hr\/wp-json\/wp\/v2\/comments?post=8958"}],"version-history":[{"count":15,"href":"https:\/\/resort-knez.si\/hr\/wp-json\/wp\/v2\/pages\/8958\/revisions"}],"predecessor-version":[{"id":9282,"href":"https:\/\/resort-knez.si\/hr\/wp-json\/wp\/v2\/pages\/8958\/revisions\/9282"}],"wp:attachment":[{"href":"https:\/\/resort-knez.si\/hr\/wp-json\/wp\/v2\/media?parent=8958"}],"curies":[{"name":"wp","href":"https:\/\/api.w.org\/{rel}","templated":true}]}}