{"id":8969,"date":"2022-01-18T13:02:04","date_gmt":"2022-01-18T13:02:04","guid":{"rendered":"https:\/\/resort-knez.si\/pravilnik-o-zasebnosti\/"},"modified":"2022-01-18T13:02:04","modified_gmt":"2022-01-18T13:02:04","slug":"pravilnik-o-zasebnosti","status":"publish","type":"page","link":"https:\/\/resort-knez.si\/it\/pravilnik-o-zasebnosti\/","title":{"rendered":"Pravilnik o zasebnosti"},"content":{"rendered":"\n<p><strong>Zbiranje podatkov<\/strong><\/p>\n\n\n\n<p>Na\u0161e podjetje spo\u0161tuje zasebnost, zato z osebnimi podatki strank ravnamo odgovorno in v skladu z zakonodajo<br>(&nbsp;<a href=\"http:\/\/pisrs.si\/Pis.web\/pregledPredpisa?id=ZAKO3906\">Zakon o varstvu osebnih podatkov<\/a>,&nbsp;<a href=\"https:\/\/www.uradni-list.si\/glasilo-uradni-list-rs\/vsebina\/51154\">Zakonom o varstvu potro\u0161nikov<\/a>&nbsp;,&nbsp;<a href=\"https:\/\/www.uradni-list.si\/glasilo-uradni-list-rs\/vsebina\/111442\">Zakonom o elektronskih komunikacijah<\/a>&nbsp;in&nbsp;<a href=\"http:\/\/eur-lex.europa.eu\/legal-content\/SL\/TXT\/?uri=uriserv:OJ.L_.2016.119.01.0001.01.SLV&amp;toc=OJ:L:2016:119:FULL\">Splo\u0161no uredbo EU o varstvu podatkov<\/a>&nbsp;)<\/p>\n\n\n\n<p>Osebni podatki se uporabljajo zgolj za nemoteno poslovanje podjetja.<\/p>\n\n\n\n<p>Stranke, ki bodo podale privolitev za obdelavo osebnih podatkov, bomo podu\u010dili o namenu uporabe danih osebnih podatkov in pravicah, ki jih dolo\u010da zakonodaja.<\/p>\n\n\n\n<p>Upravljavec osebnih podatkov, ki jih\u00a0boste\u00a0posredovali je podjetje HROVAT TOMA\u017d s.p., Gora pri Komendi 13, 1218 Komenda , mati\u010dna \u0161t.: 5357981000, ki ga zastopa direktor Toma\u017e Hrovat, tel. \u0161t.: +386 1 834 36 66, e-po\u0161ta: info@resort-knez.si<br><br><\/p>\n\n\n\n<p>Va\u0161i osebni podatki se\u00a0bodo\u00a0obdelovali\u00a0na podlagi to\u010dke b prvega odstavka 6. \u010dlena Uredbe\u00a0<a href=\"http:\/\/eur-lex.europa.eu\/legal-content\/SL\/AUTO\/?uri=uriserv:OJ.L_.2016.119.01.0001.01.SLV&amp;toc=OJ:L:2016:119:FULL\">(EU) 2016\/679 Evropskega parlamenta in Sveta z dne 27. aprila 2016 o varstvu posameznikov pri obdelavi osebnih podatkov in o prostem pretoku takih podatkov ter o razveljavitvi Direktive 95\/46\/ES (Splo\u0161na uredba o varstvu podatkov)<\/a>. Uporabniki osebnih\u00a0podatkov so interni oddelki podjetja HROVAT TOMA\u017d d.o.o. in njegovi pogodbeni obdelovalci, s katerimi ima sklenjeno ustrezno pogodbo o obdelavi osebnih podatkov. Osebni podatki se hranijo\u00a0dokler traja pogodbeno razmerje oziroma omejeno dalj \u010dasa, \u010de tako dolo\u010da zakon ali je tak zakoniti interes HROVAT TOMA\u017d S.P. . Skladno s 5. odstavkom 86. \u010dlena Zakona o davku na dodano vrednost, ZDDV-1, smo ra\u010dune dol\u017eni hraniti 10 let.<\/p>\n\n\n\n<p><strong>Pravice uporabnikov<\/strong><\/p>\n\n\n\n<p>Stranka oz. uporabnik spletne strani lahko od podjetja HROVAT TOMA\u017d s.p. (upravljalec osebnih podatkov) preko naslednjega e-po\u0161tnega naslova zahteva, da preneha z uporabo njegovih osebnih podatkov:\u00a0info@resort-knez.si<\/p>\n\n\n\n<ul><li>Uporabnik spletne strani ima pravico do dostopa do svojih osebnih podatkov, ki so bili pridobljeni med uporabo le te. Upravljalec osebnih podatkov mora najprej preveriti identiteto osebe, ki povpra\u0161uje po dostopu do osebnih podatkov.<\/li><li>Uporabnik spletne strani ima pravico do popravka neto\u010dnih podatkov, ki so bili pridobljeni med uporabo le te. Upravljalec osebnih podatkov mora najprej preveriti identiteto osebe, ki povpra\u0161uje po popravku neto\u010dnih osebnih podatkov.<\/li><li>Uporabnik spletne strani ima pravico do pozabe oz. izbrisa osebnih podatkov, ob izpolnjenih pogojih, ki jih dolo\u010da <a href=\"http:\/\/eur-lex.europa.eu\/legal-content\/SL\/TXT\/?uri=uriserv:OJ.L_.2016.119.01.0001.01.SLV\">17. \u010dlen Splo\u0161ne uredbe o varstvu osebnih podatkov<\/a><\/li><li>Uporabnik spletne strani ima pravico do prenehanja uporabe osebnih podatkov za neposredno tr\u017eenje in profiliranje.<\/li><li>Uporabnik spletne strani ima pravico do odlo\u010danja o uporabi osebnih podatkov, ki temelji na avtomatizirani obdelavi.<\/li><li>Uporabnik spletne strani ima pravico do prito\u017ebe proti upravljavcu osebnih podatkov pri nadzornem organu, \u010de meni, da obdelava njegovih osebnih podatkov kr\u0161i<a href=\"http:\/\/eur-lex.europa.eu\/legal-content\/SL\/TXT\/?uri=uriserv:OJ.L_.2016.119.01.0001.01.SLV&amp;toc=OJ:L:2016:119:FULL\">&nbsp;<\/a><a href=\"http:\/\/eur-lex.europa.eu\/legal-content\/SL\/TXT\/?uri=uriserv:OJ.L_.2016.119.01.0001.01.SLV&amp;toc=OJ:L:2016:119:FULL\">Splo\u0161no uredbo o varstvu osebnih podatkov<\/a>.<\/li><\/ul>\n\n\n\n<p><strong>Postopek uveljavljanja pravic<\/strong><\/p>\n\n\n\n<ul><li>Seznanjen\/a sem, da lahko vse zgoraj navedene zahteve, ki se ti\u010dejo uveljavljanja pravic v zvezi z osebnimi podatki, naslovim v pisni obliki na upravljavca na e-naslov: info@resort-knez.si<\/li><li>Seznanjen\/a sem, da lahko upravljavec za potrebe zanesljive identifikacije v primeru uveljavljanja pravic v zvezi z osebnimi podatki od mene zahteva dodatne podatke, ukrepanje pa lahko zavrne le v primeru, da doka\u017ee, da me ne more zanesljivo identificirati.<\/li><li>Seznanjen\/a sem, da mora upravljavec na mojo zahtevo, s katero uveljavljam svoje pravice v zvezi z zgoraj navedenimi osebnimi podatki, odgovoriti brez nepotrebnega odla\u0161anja in najpozneje v enem mesecu od prejema zahteve.<\/li><\/ul>\n\n\n\n<p><strong>Varovanje zasebnosti<\/strong><\/p>\n\n\n\n<p>Za podjetje ANGELIS d.o.o. in njegovo spletno stran https:\/\/resort-knez.si<\/p>\n\n\n\n<p>so vsi prejeti osebni podatki strank in uporabnikov spletne strani (kot so: ime in priimek, e-po\u0161tni naslov, telefonska \u0161tevilka, po\u0161tni naslov, ime podjetja, naslov va\u0161e spletne strani, IP naslov) zasebni in zaupni.<\/p>\n\n\n\n<p>Osebni podatki so shranjeni v skladu z zakonodajo in dostopni le poobla\u0161\u010denemu osebju ter osebi \u010digar so last. Osebni podatki se uporabljajo izklju\u010dno za potrebe tr\u017eenja izdelkov. Podjetje HROVAT TOMA\u017d s.p. osebnih podatkov ne bo posredovalo tretjim osebam, brez privolitve kupca.<\/p>\n\n\n\n<p><strong>Varovanje podatkov<\/strong><\/p>\n\n\n\n<p>Podatki o strankah so shranjeni v digitalni obliki, se v tej tudi obdelujejo in varujejo v skladu z zakonodajo. Osebne podatke stranke potrebujemo za obravnavo povpra\u0161evanja. Vse osebne podatke bomo hranili tajno in jih ne bomo posredovali tretjim osebam.<\/p>\n\n\n\n<p><strong>Arhiv ra\u010dunov<\/strong><\/p>\n\n\n\n<p>Vsi dokumenti (evidence nakupov, naro\u010dila, ra\u010duni, reklamacije) se hranijo v poslovalnici podjetja HROVAT TOMA\u017d s.p., Gora pri Komendi 13, 1218 Komenda. Registrirani kupec lahko zahteva kopije dokumentov, ki se mu jih posreduje v elektronski ali papirni obliki.<\/p>\n\n\n\n<p>V kolikor osebnih podatkov ne zagotovite, pogodbe ali ukrepov pred sklenitvijo pogodbe, ne bo mogo\u010de izvajati. Ne sprejemamo avtomatiziranih odlo\u010ditev v smislu 22. \u010dlena Uredbe (EU) 2016\/679 Evropskega parlamenta in Sveta z dne 27. aprila 2016 o varstvu posameznikov pri obdelavi osebnih podatkov in o prostem pretoku takih podatkov ter ne oblikujemo profilov.<\/p>\n","protected":false},"excerpt":{"rendered":"<p>Zbiranje podatkov Na\u0161e podjetje spo\u0161tuje zasebnost, zato z osebnimi podatki strank ravnamo odgovorno in v skladu z zakonodajo(&nbsp;Zakon o varstvu osebnih podatkov,&nbsp;Zakonom o varstvu potro\u0161nikov&nbsp;,&nbsp;Zakonom o elektronskih komunikacijah&nbsp;in&nbsp;Splo\u0161no uredbo EU o varstvu podatkov&nbsp;) Osebni podatki se uporabljajo zgolj za nemoteno poslovanje podjetja. Stranke, ki bodo podale privolitev za obdelavo osebnih podatkov, bomo podu\u010dili o namenu [&hellip;]<\/p>\n","protected":false},"author":1,"featured_media":0,"parent":0,"menu_order":0,"comment_status":"closed","ping_status":"closed","template":"template-homepage.php","meta":{"inline_featured_image":false},"_links":{"self":[{"href":"https:\/\/resort-knez.si\/it\/wp-json\/wp\/v2\/pages\/8969"}],"collection":[{"href":"https:\/\/resort-knez.si\/it\/wp-json\/wp\/v2\/pages"}],"about":[{"href":"https:\/\/resort-knez.si\/it\/wp-json\/wp\/v2\/types\/page"}],"author":[{"embeddable":true,"href":"https:\/\/resort-knez.si\/it\/wp-json\/wp\/v2\/users\/1"}],"replies":[{"embeddable":true,"href":"https:\/\/resort-knez.si\/it\/wp-json\/wp\/v2\/comments?post=8969"}],"version-history":[{"count":0,"href":"https:\/\/resort-knez.si\/it\/wp-json\/wp\/v2\/pages\/8969\/revisions"}],"wp:attachment":[{"href":"https:\/\/resort-knez.si\/it\/wp-json\/wp\/v2\/media?parent=8969"}],"curies":[{"name":"wp","href":"https:\/\/api.w.org\/{rel}","templated":true}]}}